{"id":8085,"date":"2023-06-16T11:22:45","date_gmt":"2023-06-16T09:22:45","guid":{"rendered":"https:\/\/gdconsulting.es\/dossier\/"},"modified":"2025-10-17T09:21:32","modified_gmt":"2025-10-17T07:21:32","slug":"dossier","status":"publish","type":"page","link":"https:\/\/gdconsulting.es\/fr\/dossier\/","title":{"rendered":"Dossier"},"content":{"rendered":"\t\t<div data-elementor-type=\"wp-page\" data-elementor-id=\"8085\" class=\"elementor elementor-8085\">\n\t\t\t\t\t\t\t\t\t<section class=\"elementor-section elementor-top-section elementor-element elementor-element-1ba24cf elementor-section-boxed elementor-section-height-default elementor-section-height-default\" data-id=\"1ba24cf\" data-element_type=\"section\" data-settings=\"{&quot;background_background&quot;:&quot;classic&quot;}\">\n\t\t\t\t\t\t<div class=\"elementor-container elementor-column-gap-default\">\n\t\t\t\t\t<div class=\"elementor-column elementor-col-20 elementor-top-column elementor-element elementor-element-1ba28d2\" data-id=\"1ba28d2\" data-element_type=\"column\">\n\t\t\t<div class=\"elementor-widget-wrap elementor-element-populated\">\n\t\t\t\t\t\t\t\t<div class=\"elementor-element elementor-element-1ba2b7d elementor-widget elementor-widget-text-editor\" data-id=\"1ba2b7d\" data-element_type=\"widget\" data-widget_type=\"text-editor.default\">\n\t\t\t\t<div class=\"elementor-widget-container\">\n\t\t\t<style>\/*! elementor - v3.12.1 - 02-04-2023 *\/\n.elementor-widget-text-editor.elementor-drop-cap-view-stacked .elementor-drop-cap{background-color:#69727d;color:#fff}.elementor-widget-text-editor.elementor-drop-cap-view-framed .elementor-drop-cap{color:#69727d;border:3px solid;background-color:transparent}.elementor-widget-text-editor:not(.elementor-drop-cap-view-default) .elementor-drop-cap{margin-top:8px}.elementor-widget-text-editor:not(.elementor-drop-cap-view-default) .elementor-drop-cap-letter{width:1em;height:1em}.elementor-widget-text-editor .elementor-drop-cap{float:left;text-align:center;line-height:1;font-size:50px}.elementor-widget-text-editor .elementor-drop-cap-letter{display:inline-block}<\/style>\t\t\t\t\r\n<h4 style=\"text-align: left;\">Espa\u00f1ol<\/h4>\r\n<div id=\"gtx-trans\" style=\"position: absolute; left: 30px; top: 38px;\">\r\n<div class=\"gtx-trans-icon\"><\/div>\r\n<\/div>\r\n\t\t\t\t\t\t<\/div>\n\t\t\t\t<\/div>\n\t\t\t\t<div class=\"elementor-element elementor-element-1ba2ec7 elementor-widget elementor-widget-image\" data-id=\"1ba2ec7\" data-element_type=\"widget\" data-widget_type=\"image.default\">\n\t\t\t\t<div class=\"elementor-widget-container\">\n\t\t\t<style>\/*! elementor - v3.12.1 - 02-04-2023 *\/\n.elementor-widget-image{text-align:center}.elementor-widget-image a{display:inline-block}.elementor-widget-image a img[src$=\".svg\"]{width:48px}.elementor-widget-image img{vertical-align:middle;display:inline-block}<\/style>\t\t\t\t\t\t\t\t\t\t\t\t<img decoding=\"async\" width=\"724\" height=\"1024\" src=\"https:\/\/gdconsulting.es\/wp-content\/uploads\/2012\/04\/DSSR-ES-724x1024.jpg\" class=\"attachment-large size-large wp-image-1738\" alt=\"\" loading=\"lazy\" srcset=\"https:\/\/gdconsulting.es\/wp-content\/uploads\/2012\/04\/DSSR-ES-724x1024.jpg 724w, https:\/\/gdconsulting.es\/wp-content\/uploads\/2012\/04\/DSSR-ES-600x848.jpg 600w, https:\/\/gdconsulting.es\/wp-content\/uploads\/2012\/04\/DSSR-ES-212x300.jpg 212w, https:\/\/gdconsulting.es\/wp-content\/uploads\/2012\/04\/DSSR-ES-250x353.jpg 250w, https:\/\/gdconsulting.es\/wp-content\/uploads\/2012\/04\/DSSR-ES-scaled.jpg 1811w\" sizes=\"(max-width: 724px) 100vw, 724px\" style=\"width:100%;height:141.36%;max-width:1811px\" \/>\t\t\t\t\t\t\t\t\t\t\t\t\t\t\t<\/div>\n\t\t\t\t<\/div>\n\t\t\t\t<div class=\"elementor-element elementor-element-1ba3604 elementor-align-center elementor-widget elementor-widget-button\" data-id=\"1ba3604\" data-element_type=\"widget\" data-widget_type=\"button.default\">\n\t\t\t\t<div class=\"elementor-widget-container\">\n\t\t\t\t\t<div class=\"elementor-button-wrapper\">\n\t\t\t<a href=\"https:\/\/gdconsulting.es\/wp-content\/uploads\/2025\/10\/Dossier-2025-ESPANOL.pdf\" target=\"_blank\" class=\"elementor-button-link elementor-button elementor-size-lg\" role=\"button\">\n\t\t\t\t\t\t<span class=\"elementor-button-content-wrapper\">\n\t\t\t\t\t\t<span class=\"elementor-button-text\">Descargar<\/span>\n\t\t<\/span>\n\t\t\t\t\t<\/a>\n\t\t<\/div>\n\t\t\t\t<\/div>\n\t\t\t\t<\/div>\n\t\t\t\t\t<\/div>\n\t\t<\/div>\n\t\t\t\t<div class=\"elementor-column elementor-col-20 elementor-top-column elementor-element elementor-element-1ba3b8c\" data-id=\"1ba3b8c\" data-element_type=\"column\">\n\t\t\t<div class=\"elementor-widget-wrap elementor-element-populated\">\n\t\t\t\t\t\t\t\t<div class=\"elementor-element elementor-element-1ba3d83 elementor-widget elementor-widget-text-editor\" data-id=\"1ba3d83\" data-element_type=\"widget\" data-widget_type=\"text-editor.default\">\n\t\t\t\t<div class=\"elementor-widget-container\">\n\t\t\t\t\t\t\t\r\n<h4 style=\"text-align: left;\">English<\/h4>\r\n<div id=\"gtx-trans\" style=\"position: absolute; left: 7px; top: 43.2656px;\">\r\n<div class=\"gtx-trans-icon\"><\/div>\r\n<\/div>\r\n\t\t\t\t\t\t<\/div>\n\t\t\t\t<\/div>\n\t\t\t\t<div class=\"elementor-element elementor-element-1ba3ece elementor-widget elementor-widget-image\" data-id=\"1ba3ece\" data-element_type=\"widget\" data-widget_type=\"image.default\">\n\t\t\t\t<div class=\"elementor-widget-container\">\n\t\t\t\t\t\t\t\t\t\t\t\t\t\t\t<img decoding=\"async\" width=\"724\" height=\"1024\" src=\"https:\/\/gdconsulting.es\/wp-content\/uploads\/2012\/04\/DSSR-EN-724x1024.jpg\" class=\"attachment-large size-large wp-image-1737\" alt=\"\" loading=\"lazy\" srcset=\"https:\/\/gdconsulting.es\/wp-content\/uploads\/2012\/04\/DSSR-EN-724x1024.jpg 724w, https:\/\/gdconsulting.es\/wp-content\/uploads\/2012\/04\/DSSR-EN-600x849.jpg 600w, https:\/\/gdconsulting.es\/wp-content\/uploads\/2012\/04\/DSSR-EN-212x300.jpg 212w, https:\/\/gdconsulting.es\/wp-content\/uploads\/2012\/04\/DSSR-EN-250x353.jpg 250w, https:\/\/gdconsulting.es\/wp-content\/uploads\/2012\/04\/DSSR-EN.jpg 1241w\" sizes=\"(max-width: 724px) 100vw, 724px\" style=\"width:100%;height:141.42%;max-width:1241px\" \/>\t\t\t\t\t\t\t\t\t\t\t\t\t\t\t<\/div>\n\t\t\t\t<\/div>\n\t\t\t\t<div class=\"elementor-element elementor-element-1ba45af elementor-align-center elementor-widget elementor-widget-button\" data-id=\"1ba45af\" data-element_type=\"widget\" data-widget_type=\"button.default\">\n\t\t\t\t<div class=\"elementor-widget-container\">\n\t\t\t\t\t<div class=\"elementor-button-wrapper\">\n\t\t\t<a href=\"https:\/\/gdconsulting.es\/wp-content\/uploads\/2025\/10\/Dossier-2024-INGLES.pdf\" target=\"_blank\" class=\"elementor-button-link elementor-button elementor-size-lg\" role=\"button\">\n\t\t\t\t\t\t<span class=\"elementor-button-content-wrapper\">\n\t\t\t\t\t\t<span class=\"elementor-button-text\">Download<\/span>\n\t\t<\/span>\n\t\t\t\t\t<\/a>\n\t\t<\/div>\n\t\t\t\t<\/div>\n\t\t\t\t<\/div>\n\t\t\t\t\t<\/div>\n\t\t<\/div>\n\t\t\t\t<div class=\"elementor-column elementor-col-20 elementor-top-column elementor-element elementor-element-1ba4be7\" data-id=\"1ba4be7\" data-element_type=\"column\">\n\t\t\t<div class=\"elementor-widget-wrap elementor-element-populated\">\n\t\t\t\t\t\t\t\t<div class=\"elementor-element elementor-element-1ba4e34 elementor-widget elementor-widget-text-editor\" data-id=\"1ba4e34\" data-element_type=\"widget\" data-widget_type=\"text-editor.default\">\n\t\t\t\t<div class=\"elementor-widget-container\">\n\t\t\t\t\t\t\t\r\n<h4 style=\"text-align: left;\">Fran\u00e7ais<\/h4>\r\n<div id=\"gtx-trans\" style=\"position: absolute; left: 52px; top: 43.2656px;\">\r\n<div class=\"gtx-trans-icon\"><\/div>\r\n<\/div>\r\n\t\t\t\t\t\t<\/div>\n\t\t\t\t<\/div>\n\t\t\t\t<div class=\"elementor-element elementor-element-1ba4f37 elementor-widget elementor-widget-image\" data-id=\"1ba4f37\" data-element_type=\"widget\" data-widget_type=\"image.default\">\n\t\t\t\t<div class=\"elementor-widget-container\">\n\t\t\t\t\t\t\t\t\t\t\t\t\t\t\t<img decoding=\"async\" width=\"724\" height=\"1024\" src=\"https:\/\/gdconsulting.es\/wp-content\/uploads\/2012\/04\/DSSR-FR-724x1024.jpg\" class=\"attachment-large size-large wp-image-1739\" alt=\"\" loading=\"lazy\" srcset=\"https:\/\/gdconsulting.es\/wp-content\/uploads\/2012\/04\/DSSR-FR-724x1024.jpg 724w, https:\/\/gdconsulting.es\/wp-content\/uploads\/2012\/04\/DSSR-FR-600x849.jpg 600w, https:\/\/gdconsulting.es\/wp-content\/uploads\/2012\/04\/DSSR-FR-212x300.jpg 212w, https:\/\/gdconsulting.es\/wp-content\/uploads\/2012\/04\/DSSR-FR-250x353.jpg 250w, https:\/\/gdconsulting.es\/wp-content\/uploads\/2012\/04\/DSSR-FR.jpg 1241w\" sizes=\"(max-width: 724px) 100vw, 724px\" style=\"width:100%;height:141.42%;max-width:1241px\" \/>\t\t\t\t\t\t\t\t\t\t\t\t\t\t\t<\/div>\n\t\t\t\t<\/div>\n\t\t\t\t<div class=\"elementor-element elementor-element-1ba5589 elementor-align-center elementor-widget elementor-widget-button\" data-id=\"1ba5589\" data-element_type=\"widget\" data-widget_type=\"button.default\">\n\t\t\t\t<div class=\"elementor-widget-container\">\n\t\t\t\t\t<div class=\"elementor-button-wrapper\">\n\t\t\t<a href=\"https:\/\/gdconsulting.es\/wp-content\/uploads\/2023\/04\/GDCONSULTING-DOSSIER-FRANCES.pdf\" target=\"_blank\" class=\"elementor-button-link elementor-button elementor-size-lg\" role=\"button\">\n\t\t\t\t\t\t<span class=\"elementor-button-content-wrapper\">\n\t\t\t\t\t\t<span class=\"elementor-button-text\">T\u00e9l\u00e9charger<\/span>\n\t\t<\/span>\n\t\t\t\t\t<\/a>\n\t\t<\/div>\n\t\t\t\t<\/div>\n\t\t\t\t<\/div>\n\t\t\t\t\t<\/div>\n\t\t<\/div>\n\t\t\t\t<div class=\"elementor-column elementor-col-20 elementor-top-column elementor-element elementor-element-1ba5adc\" data-id=\"1ba5adc\" data-element_type=\"column\">\n\t\t\t<div class=\"elementor-widget-wrap elementor-element-populated\">\n\t\t\t\t\t\t\t\t<div class=\"elementor-element elementor-element-1ba5d5f elementor-widget elementor-widget-text-editor\" data-id=\"1ba5d5f\" data-element_type=\"widget\" data-widget_type=\"text-editor.default\">\n\t\t\t\t<div class=\"elementor-widget-container\">\n\t\t\t\t\t\t\t\r\n<h4 style=\"text-align: left;\">Portugu\u00eas<\/h4>\r\n<div id=\"gtx-trans\" style=\"position: absolute; left: 79px; top: 43.2656px;\">\r\n<div class=\"gtx-trans-icon\"><\/div>\r\n<\/div>\r\n\t\t\t\t\t\t<\/div>\n\t\t\t\t<\/div>\n\t\t\t\t<div class=\"elementor-element elementor-element-1ba5e6e elementor-widget elementor-widget-image\" data-id=\"1ba5e6e\" data-element_type=\"widget\" data-widget_type=\"image.default\">\n\t\t\t\t<div class=\"elementor-widget-container\">\n\t\t\t\t\t\t\t\t\t\t\t\t\t\t\t<img decoding=\"async\" width=\"724\" height=\"1024\" src=\"https:\/\/gdconsulting.es\/wp-content\/uploads\/2012\/04\/DSSR-PT-724x1024.jpg\" class=\"attachment-large size-large wp-image-1740\" alt=\"\" loading=\"lazy\" srcset=\"https:\/\/gdconsulting.es\/wp-content\/uploads\/2012\/04\/DSSR-PT-724x1024.jpg 724w, https:\/\/gdconsulting.es\/wp-content\/uploads\/2012\/04\/DSSR-PT-600x848.jpg 600w, https:\/\/gdconsulting.es\/wp-content\/uploads\/2012\/04\/DSSR-PT-212x300.jpg 212w, https:\/\/gdconsulting.es\/wp-content\/uploads\/2012\/04\/DSSR-PT-250x353.jpg 250w, https:\/\/gdconsulting.es\/wp-content\/uploads\/2012\/04\/DSSR-PT-scaled.jpg 1811w\" sizes=\"(max-width: 724px) 100vw, 724px\" style=\"width:100%;height:141.36%;max-width:1811px\" \/>\t\t\t\t\t\t\t\t\t\t\t\t\t\t\t<\/div>\n\t\t\t\t<\/div>\n\t\t\t\t<div class=\"elementor-element elementor-element-1ba6530 elementor-align-center elementor-widget elementor-widget-button\" data-id=\"1ba6530\" data-element_type=\"widget\" data-widget_type=\"button.default\">\n\t\t\t\t<div class=\"elementor-widget-container\">\n\t\t\t\t\t<div class=\"elementor-button-wrapper\">\n\t\t\t<a href=\"https:\/\/gdconsulting.es\/wp-content\/uploads\/2025\/10\/Dossier-2025-PORTUGUES_digital.pdf\" target=\"_blank\" class=\"elementor-button-link elementor-button elementor-size-lg\" role=\"button\">\n\t\t\t\t\t\t<span class=\"elementor-button-content-wrapper\">\n\t\t\t\t\t\t<span class=\"elementor-button-text\">Baixar<\/span>\n\t\t<\/span>\n\t\t\t\t\t<\/a>\n\t\t<\/div>\n\t\t\t\t<\/div>\n\t\t\t\t<\/div>\n\t\t\t\t\t<\/div>\n\t\t<\/div>\n\t\t\t\t<div class=\"elementor-column elementor-col-20 elementor-top-column elementor-element elementor-element-1ba6b32\" data-id=\"1ba6b32\" data-element_type=\"column\">\n\t\t\t<div class=\"elementor-widget-wrap elementor-element-populated\">\n\t\t\t\t\t\t\t\t<div class=\"elementor-element elementor-element-1ba6d46 elementor-widget elementor-widget-text-editor\" data-id=\"1ba6d46\" data-element_type=\"widget\" data-widget_type=\"text-editor.default\">\n\t\t\t\t<div class=\"elementor-widget-container\">\n\t\t\t\t\t\t\t<h4 style=\"text-align: left;\">Vietnamien<\/h4><div id=\"gtx-trans\" style=\"position: absolute; left: 93px; top: -4.73438px;\"><div class=\"gtx-trans-icon\">\u00a0<\/div><\/div>\t\t\t\t\t\t<\/div>\n\t\t\t\t<\/div>\n\t\t\t\t<div class=\"elementor-element elementor-element-1ba6e41 elementor-widget elementor-widget-image\" data-id=\"1ba6e41\" data-element_type=\"widget\" data-widget_type=\"image.default\">\n\t\t\t\t<div class=\"elementor-widget-container\">\n\t\t\t\t\t\t\t\t\t\t\t\t\t\t\t<img decoding=\"async\" width=\"724\" height=\"1024\" src=\"https:\/\/gdconsulting.es\/wp-content\/uploads\/2012\/04\/DSSR-ES-724x1024.jpg\" class=\"attachment-large size-large wp-image-1738\" alt=\"\" loading=\"lazy\" srcset=\"https:\/\/gdconsulting.es\/wp-content\/uploads\/2012\/04\/DSSR-ES-724x1024.jpg 724w, https:\/\/gdconsulting.es\/wp-content\/uploads\/2012\/04\/DSSR-ES-600x848.jpg 600w, https:\/\/gdconsulting.es\/wp-content\/uploads\/2012\/04\/DSSR-ES-212x300.jpg 212w, https:\/\/gdconsulting.es\/wp-content\/uploads\/2012\/04\/DSSR-ES-250x353.jpg 250w, https:\/\/gdconsulting.es\/wp-content\/uploads\/2012\/04\/DSSR-ES-scaled.jpg 1811w\" sizes=\"(max-width: 724px) 100vw, 724px\" style=\"width:100%;height:141.36%;max-width:1811px\" \/>\t\t\t\t\t\t\t\t\t\t\t\t\t\t\t<\/div>\n\t\t\t\t<\/div>\n\t\t\t\t<div class=\"elementor-element elementor-element-1ba70d8 elementor-align-center elementor-widget elementor-widget-button\" data-id=\"1ba70d8\" data-element_type=\"widget\" data-widget_type=\"button.default\">\n\t\t\t\t<div class=\"elementor-widget-container\">\n\t\t\t\t\t<div class=\"elementor-button-wrapper\">\n\t\t\t<a href=\"https:\/\/gdconsulting.es\/wp-content\/uploads\/2025\/10\/Dossier-2025-Vietnamita_digital.pdf\" target=\"_blank\" class=\"elementor-button-link elementor-button elementor-size-lg\" role=\"button\">\n\t\t\t\t\t\t<span class=\"elementor-button-content-wrapper\">\n\t\t\t\t\t\t<span class=\"elementor-button-text\">T\u00e9l\u00e9charger<\/span>\n\t\t<\/span>\n\t\t\t\t\t<\/a>\n\t\t<\/div>\n\t\t\t\t<\/div>\n\t\t\t\t<\/div>\n\t\t\t\t\t<\/div>\n\t\t<\/div>\n\t\t\t\t\t\t\t<\/div>\n\t\t<\/section>\n\t\t\t\t<section class=\"elementor-section elementor-top-section elementor-element elementor-element-1ba75c4 elementor-section-boxed elementor-section-height-default elementor-section-height-default\" data-id=\"1ba75c4\" data-element_type=\"section\">\n\t\t\t\t\t\t<div class=\"elementor-container elementor-column-gap-default\">\n\t\t\t\t\t<div class=\"elementor-column elementor-col-100 elementor-top-column elementor-element elementor-element-1ba783c\" data-id=\"1ba783c\" data-element_type=\"column\">\n\t\t\t<div class=\"elementor-widget-wrap elementor-element-populated\">\n\t\t\t\t\t\t\t\t<div class=\"elementor-element elementor-element-1ba7a3e elementor-widget elementor-widget-image\" data-id=\"1ba7a3e\" data-element_type=\"widget\" data-widget_type=\"image.default\">\n\t\t\t\t<div class=\"elementor-widget-container\">\n\t\t\t\t\t\t\t\t\t\t\t\t\t\t\t<img decoding=\"async\" width=\"750\" height=\"501\" src=\"https:\/\/gdconsulting.es\/wp-content\/uploads\/2019\/10\/GDConsulting-Consultoria-Escenica-Theatre-Consultants-planos-ordenadores-1024x684.jpg\" class=\"attachment-large size-large wp-image-2450\" alt=\"GDConsulting Consultoria Escenica Theatre Consultants planos ordenadores\" loading=\"lazy\" srcset=\"https:\/\/gdconsulting.es\/wp-content\/uploads\/2019\/10\/GDConsulting-Consultoria-Escenica-Theatre-Consultants-planos-ordenadores-1024x684.jpg 1024w, https:\/\/gdconsulting.es\/wp-content\/uploads\/2019\/10\/GDConsulting-Consultoria-Escenica-Theatre-Consultants-planos-ordenadores-600x401.jpg 600w, https:\/\/gdconsulting.es\/wp-content\/uploads\/2019\/10\/GDConsulting-Consultoria-Escenica-Theatre-Consultants-planos-ordenadores-300x200.jpg 300w, https:\/\/gdconsulting.es\/wp-content\/uploads\/2019\/10\/GDConsulting-Consultoria-Escenica-Theatre-Consultants-planos-ordenadores-768x513.jpg 768w, https:\/\/gdconsulting.es\/wp-content\/uploads\/2019\/10\/GDConsulting-Consultoria-Escenica-Theatre-Consultants-planos-ordenadores-250x167.jpg 250w, https:\/\/gdconsulting.es\/wp-content\/uploads\/2019\/10\/GDConsulting-Consultoria-Escenica-Theatre-Consultants-planos-ordenadores.jpg 1200w\" sizes=\"(max-width: 750px) 100vw, 750px\" style=\"width:100%;height:66.75%;max-width:1200px\" \/>\t\t\t\t\t\t\t\t\t\t\t\t\t\t\t<\/div>\n\t\t\t\t<\/div>\n\t\t\t\t\t<\/div>\n\t\t<\/div>\n\t\t\t\t\t\t\t<\/div>\n\t\t<\/section>\n\t\t\t\t\t\t\t<\/div>\n\t\t","protected":false},"excerpt":{"rendered":"<p>Espa\u00f1ol Descargar English Download Fran\u00e7ais T\u00e9l\u00e9charger Portugu\u00eas Baixar Vietnamien \u00a0 T\u00e9l\u00e9charger<\/p>\n","protected":false},"author":3,"featured_media":0,"parent":0,"menu_order":0,"comment_status":"closed","ping_status":"closed","template":"","meta":[],"yoast_head":"<!-- This site is optimized with the Yoast SEO plugin v20.4 - https:\/\/yoast.com\/wordpress\/plugins\/seo\/ -->\n<title>Dossier - GDConsulting<\/title>\n<meta name=\"robots\" content=\"index, follow, max-snippet:-1, max-image-preview:large, max-video-preview:-1\" \/>\n<link rel=\"canonical\" href=\"https:\/\/gdconsulting.es\/en\/dossier\/\" \/>\n<meta property=\"og:locale\" content=\"fr_FR\" \/>\n<meta property=\"og:type\" content=\"article\" \/>\n<meta property=\"og:title\" content=\"Dossier - GDConsulting\" \/>\n<meta property=\"og:description\" content=\"Espa\u00f1ol Descargar English Download Fran\u00e7ais T\u00e9l\u00e9charger Portugu\u00eas Baixar Vietnamien \u00a0 T\u00e9l\u00e9charger\" \/>\n<meta property=\"og:url\" content=\"https:\/\/gdconsulting.es\/en\/dossier\/\" \/>\n<meta property=\"og:site_name\" content=\"GDConsulting\" \/>\n<meta property=\"article:modified_time\" content=\"2025-10-17T07:21:32+00:00\" \/>\n<meta property=\"og:image\" content=\"https:\/\/gdconsulting.es\/wp-content\/uploads\/2012\/04\/DSSR-ES-724x1024.jpg\" \/>\n<meta name=\"twitter:card\" content=\"summary_large_image\" \/>\n<meta name=\"twitter:label1\" content=\"Dur\u00e9e de lecture estim\u00e9e\" \/>\n\t<meta name=\"twitter:data1\" content=\"2 minutes\" \/>\n<script type=\"application\/ld+json\" class=\"yoast-schema-graph\">{\"@context\":\"https:\/\/schema.org\",\"@graph\":[{\"@type\":\"WebPage\",\"@id\":\"https:\/\/gdconsulting.es\/en\/dossier\/\",\"url\":\"https:\/\/gdconsulting.es\/en\/dossier\/\",\"name\":\"Dossier - GDConsulting\",\"isPartOf\":{\"@id\":\"https:\/\/gdconsulting.es\/#website\"},\"datePublished\":\"2023-06-16T09:22:45+00:00\",\"dateModified\":\"2025-10-17T07:21:32+00:00\",\"breadcrumb\":{\"@id\":\"https:\/\/gdconsulting.es\/en\/dossier\/#breadcrumb\"},\"inLanguage\":\"fr-FR\",\"potentialAction\":[{\"@type\":\"ReadAction\",\"target\":[\"https:\/\/gdconsulting.es\/en\/dossier\/\"]}]},{\"@type\":\"BreadcrumbList\",\"@id\":\"https:\/\/gdconsulting.es\/en\/dossier\/#breadcrumb\",\"itemListElement\":[{\"@type\":\"ListItem\",\"position\":1,\"name\":\"Portada\",\"item\":\"https:\/\/gdconsulting.es\/fr\/\"},{\"@type\":\"ListItem\",\"position\":2,\"name\":\"Dossier\"}]},{\"@type\":\"WebSite\",\"@id\":\"https:\/\/gdconsulting.es\/#website\",\"url\":\"https:\/\/gdconsulting.es\/\",\"name\":\"GDConsulting\",\"description\":\"Arquitectura Esc\u00e9nica e Ingenier\u00eda :: Theatre Consultants\",\"publisher\":{\"@id\":\"https:\/\/gdconsulting.es\/#organization\"},\"potentialAction\":[{\"@type\":\"SearchAction\",\"target\":{\"@type\":\"EntryPoint\",\"urlTemplate\":\"https:\/\/gdconsulting.es\/?s={search_term_string}\"},\"query-input\":\"required name=search_term_string\"}],\"inLanguage\":\"fr-FR\"},{\"@type\":\"Organization\",\"@id\":\"https:\/\/gdconsulting.es\/#organization\",\"name\":\"GDConsulting\",\"url\":\"https:\/\/gdconsulting.es\/\",\"logo\":{\"@type\":\"ImageObject\",\"inLanguage\":\"fr-FR\",\"@id\":\"https:\/\/gdconsulting.es\/#\/schema\/logo\/image\/\",\"url\":\"https:\/\/gdconsulting.es\/wp-content\/uploads\/2023\/04\/GDConsulting-Theatre-Consultants-logo-horizontal-low-300.png\",\"contentUrl\":\"https:\/\/gdconsulting.es\/wp-content\/uploads\/2023\/04\/GDConsulting-Theatre-Consultants-logo-horizontal-low-300.png\",\"width\":300,\"height\":59,\"caption\":\"GDConsulting\"},\"image\":{\"@id\":\"https:\/\/gdconsulting.es\/#\/schema\/logo\/image\/\"}}]}<\/script>\n<!-- \/ Yoast SEO plugin. -->","yoast_head_json":{"title":"Dossier - GDConsulting","robots":{"index":"index","follow":"follow","max-snippet":"max-snippet:-1","max-image-preview":"max-image-preview:large","max-video-preview":"max-video-preview:-1"},"canonical":"https:\/\/gdconsulting.es\/en\/dossier\/","og_locale":"fr_FR","og_type":"article","og_title":"Dossier - GDConsulting","og_description":"Espa\u00f1ol Descargar English Download Fran\u00e7ais T\u00e9l\u00e9charger Portugu\u00eas Baixar Vietnamien \u00a0 T\u00e9l\u00e9charger","og_url":"https:\/\/gdconsulting.es\/en\/dossier\/","og_site_name":"GDConsulting","article_modified_time":"2025-10-17T07:21:32+00:00","og_image":[{"url":"https:\/\/gdconsulting.es\/wp-content\/uploads\/2012\/04\/DSSR-ES-724x1024.jpg"}],"twitter_card":"summary_large_image","twitter_misc":{"Dur\u00e9e de lecture estim\u00e9e":"2 minutes"},"schema":{"@context":"https:\/\/schema.org","@graph":[{"@type":"WebPage","@id":"https:\/\/gdconsulting.es\/en\/dossier\/","url":"https:\/\/gdconsulting.es\/en\/dossier\/","name":"Dossier - GDConsulting","isPartOf":{"@id":"https:\/\/gdconsulting.es\/#website"},"datePublished":"2023-06-16T09:22:45+00:00","dateModified":"2025-10-17T07:21:32+00:00","breadcrumb":{"@id":"https:\/\/gdconsulting.es\/en\/dossier\/#breadcrumb"},"inLanguage":"fr-FR","potentialAction":[{"@type":"ReadAction","target":["https:\/\/gdconsulting.es\/en\/dossier\/"]}]},{"@type":"BreadcrumbList","@id":"https:\/\/gdconsulting.es\/en\/dossier\/#breadcrumb","itemListElement":[{"@type":"ListItem","position":1,"name":"Portada","item":"https:\/\/gdconsulting.es\/fr\/"},{"@type":"ListItem","position":2,"name":"Dossier"}]},{"@type":"WebSite","@id":"https:\/\/gdconsulting.es\/#website","url":"https:\/\/gdconsulting.es\/","name":"GDConsulting","description":"Arquitectura Esc\u00e9nica e Ingenier\u00eda :: Theatre Consultants","publisher":{"@id":"https:\/\/gdconsulting.es\/#organization"},"potentialAction":[{"@type":"SearchAction","target":{"@type":"EntryPoint","urlTemplate":"https:\/\/gdconsulting.es\/?s={search_term_string}"},"query-input":"required name=search_term_string"}],"inLanguage":"fr-FR"},{"@type":"Organization","@id":"https:\/\/gdconsulting.es\/#organization","name":"GDConsulting","url":"https:\/\/gdconsulting.es\/","logo":{"@type":"ImageObject","inLanguage":"fr-FR","@id":"https:\/\/gdconsulting.es\/#\/schema\/logo\/image\/","url":"https:\/\/gdconsulting.es\/wp-content\/uploads\/2023\/04\/GDConsulting-Theatre-Consultants-logo-horizontal-low-300.png","contentUrl":"https:\/\/gdconsulting.es\/wp-content\/uploads\/2023\/04\/GDConsulting-Theatre-Consultants-logo-horizontal-low-300.png","width":300,"height":59,"caption":"GDConsulting"},"image":{"@id":"https:\/\/gdconsulting.es\/#\/schema\/logo\/image\/"}}]}},"_links":{"self":[{"href":"https:\/\/gdconsulting.es\/fr\/wp-json\/wp\/v2\/pages\/8085"}],"collection":[{"href":"https:\/\/gdconsulting.es\/fr\/wp-json\/wp\/v2\/pages"}],"about":[{"href":"https:\/\/gdconsulting.es\/fr\/wp-json\/wp\/v2\/types\/page"}],"author":[{"embeddable":true,"href":"https:\/\/gdconsulting.es\/fr\/wp-json\/wp\/v2\/users\/3"}],"replies":[{"embeddable":true,"href":"https:\/\/gdconsulting.es\/fr\/wp-json\/wp\/v2\/comments?post=8085"}],"version-history":[{"count":3,"href":"https:\/\/gdconsulting.es\/fr\/wp-json\/wp\/v2\/pages\/8085\/revisions"}],"predecessor-version":[{"id":8234,"href":"https:\/\/gdconsulting.es\/fr\/wp-json\/wp\/v2\/pages\/8085\/revisions\/8234"}],"wp:attachment":[{"href":"https:\/\/gdconsulting.es\/fr\/wp-json\/wp\/v2\/media?parent=8085"}],"curies":[{"name":"wp","href":"https:\/\/api.w.org\/{rel}","templated":true}]}}