{"id":8108,"date":"2022-03-24T11:19:00","date_gmt":"2022-03-24T09:19:00","guid":{"rendered":"https:\/\/gdconsulting.es\/politique-de-qualite\/"},"modified":"2022-03-24T11:19:00","modified_gmt":"2022-03-24T09:19:00","slug":"politique-de-qualite","status":"publish","type":"page","link":"https:\/\/gdconsulting.es\/fr\/politique-de-qualite\/","title":{"rendered":"Politique de qualit\u00e9"},"content":{"rendered":"<p><strong>GD Consulting<\/strong> a comme Politique Qualit\u00e9 les engagements suivants :<\/p>\n<ul>\n<li>Couvrir les besoins et les attentes des clients de mani\u00e8re efficace et efficiente, en respectant les objectifs, les d\u00e9lais de livraison et les engagements convenus.<\/li>\n<li>Se conformer \u00e0 la l\u00e9gislation et \u00e0 la r\u00e9glementation applicables aux niveaux communautaire, national, r\u00e9gional et local, ainsi qu&rsquo;aux autres exigences auxquelles l&rsquo;entreprise souscrit aupr\u00e8s de ses clients, afin de s&rsquo;assurer que les activit\u00e9s sont r\u00e9alis\u00e9es et seront r\u00e9alis\u00e9es conform\u00e9ment aux ces exigences, garantissant ainsi un engagement envers toutes les parties int\u00e9ress\u00e9es.<\/li>\n<li>La formation et la participation de tout le personnel sont d&rsquo;une grande importance, tant pour atteindre les objectifs pr\u00e9vus que pour am\u00e9liorer le syst\u00e8me. Chaque membre de <strong>GD Consulting<\/strong>, doit agir dans son r\u00f4le de gestionnaire des ressources qu&rsquo;il g\u00e8re et le guider vers la fin envisag\u00e9e.<\/li>\n<li>L&rsquo;am\u00e9lioration continue du syst\u00e8me qualit\u00e9 lui-m\u00eame, bas\u00e9e sur une analyse de la performance des processus, qui conduit \u00e0 un fonctionnement efficace de <strong>GD Consulting<\/strong>.<\/li>\n<li>Respect de la personne et s\u00e9rieux, rigueur, professionnalisme et \u00e9thique sont des valeurs essentielles et inali\u00e9nables pour <strong>GD Consultin<\/strong> get constituent nos lignes directrices fondamentales pour l&rsquo;action.<\/li>\n<\/ul>\n","protected":false},"excerpt":{"rendered":"<p>GD Consulting a comme Politique Qualit\u00e9 les engagements suivants : Couvrir les besoins et les attentes des clients de mani\u00e8re efficace et efficiente, en respectant les objectifs, les d\u00e9lais de livraison et les engagements convenus. Se conformer \u00e0 la l\u00e9gislation et \u00e0 la r\u00e9glementation applicables aux niveaux communautaire, national, r\u00e9gional et local, ainsi qu&rsquo;aux autres&hellip; <a class=\"more-link\" href=\"https:\/\/gdconsulting.es\/fr\/politique-de-qualite\/\">Poursuivre la lecture <span class=\"screen-reader-text\">Politique de qualit\u00e9<\/span><\/a><\/p>\n","protected":false},"author":2,"featured_media":0,"parent":0,"menu_order":0,"comment_status":"closed","ping_status":"closed","template":"","meta":[],"yoast_head":"<!-- This site is optimized with the Yoast SEO plugin v20.4 - https:\/\/yoast.com\/wordpress\/plugins\/seo\/ -->\n<title>Politique de qualit\u00e9 - GDConsulting<\/title>\n<meta name=\"robots\" content=\"index, follow, max-snippet:-1, max-image-preview:large, max-video-preview:-1\" \/>\n<link rel=\"canonical\" href=\"https:\/\/gdconsulting.es\/politique-de-qualite\/\" \/>\n<meta property=\"og:locale\" content=\"fr_FR\" \/>\n<meta property=\"og:type\" content=\"article\" \/>\n<meta property=\"og:title\" content=\"Politique de qualit\u00e9 - GDConsulting\" \/>\n<meta property=\"og:description\" content=\"GD Consulting a comme Politique Qualit\u00e9 les engagements suivants : Couvrir les besoins et les attentes des clients de mani\u00e8re efficace et efficiente, en respectant les objectifs, les d\u00e9lais de livraison et les engagements convenus. Se conformer \u00e0 la l\u00e9gislation et \u00e0 la r\u00e9glementation applicables aux niveaux communautaire, national, r\u00e9gional et local, ainsi qu&rsquo;aux autres&hellip; Poursuivre la lecture Politique de qualit\u00e9\" \/>\n<meta property=\"og:url\" content=\"https:\/\/gdconsulting.es\/politique-de-qualite\/\" \/>\n<meta property=\"og:site_name\" content=\"GDConsulting\" \/>\n<meta name=\"twitter:card\" content=\"summary_large_image\" \/>\n<meta name=\"twitter:label1\" content=\"Dur\u00e9e de lecture estim\u00e9e\" \/>\n\t<meta name=\"twitter:data1\" content=\"1 minute\" \/>\n<script type=\"application\/ld+json\" class=\"yoast-schema-graph\">{\"@context\":\"https:\/\/schema.org\",\"@graph\":[{\"@type\":\"WebPage\",\"@id\":\"https:\/\/gdconsulting.es\/politique-de-qualite\/\",\"url\":\"https:\/\/gdconsulting.es\/politique-de-qualite\/\",\"name\":\"Politique de qualit\u00e9 - GDConsulting\",\"isPartOf\":{\"@id\":\"https:\/\/gdconsulting.es\/#website\"},\"datePublished\":\"2022-03-24T09:19:00+00:00\",\"dateModified\":\"2022-03-24T09:19:00+00:00\",\"breadcrumb\":{\"@id\":\"https:\/\/gdconsulting.es\/politique-de-qualite\/#breadcrumb\"},\"inLanguage\":\"fr-FR\",\"potentialAction\":[{\"@type\":\"ReadAction\",\"target\":[\"https:\/\/gdconsulting.es\/politique-de-qualite\/\"]}]},{\"@type\":\"BreadcrumbList\",\"@id\":\"https:\/\/gdconsulting.es\/politique-de-qualite\/#breadcrumb\",\"itemListElement\":[{\"@type\":\"ListItem\",\"position\":1,\"name\":\"Portada\",\"item\":\"https:\/\/gdconsulting.es\/fr\/\"},{\"@type\":\"ListItem\",\"position\":2,\"name\":\"Politique de qualit\u00e9\"}]},{\"@type\":\"WebSite\",\"@id\":\"https:\/\/gdconsulting.es\/#website\",\"url\":\"https:\/\/gdconsulting.es\/\",\"name\":\"GDConsulting\",\"description\":\"Arquitectura Esc\u00e9nica e Ingenier\u00eda :: Theatre Consultants\",\"publisher\":{\"@id\":\"https:\/\/gdconsulting.es\/#organization\"},\"potentialAction\":[{\"@type\":\"SearchAction\",\"target\":{\"@type\":\"EntryPoint\",\"urlTemplate\":\"https:\/\/gdconsulting.es\/?s={search_term_string}\"},\"query-input\":\"required name=search_term_string\"}],\"inLanguage\":\"fr-FR\"},{\"@type\":\"Organization\",\"@id\":\"https:\/\/gdconsulting.es\/#organization\",\"name\":\"GDConsulting\",\"url\":\"https:\/\/gdconsulting.es\/\",\"logo\":{\"@type\":\"ImageObject\",\"inLanguage\":\"fr-FR\",\"@id\":\"https:\/\/gdconsulting.es\/#\/schema\/logo\/image\/\",\"url\":\"https:\/\/gdconsulting.es\/wp-content\/uploads\/2023\/04\/GDConsulting-Theatre-Consultants-logo-horizontal-low-300.png\",\"contentUrl\":\"https:\/\/gdconsulting.es\/wp-content\/uploads\/2023\/04\/GDConsulting-Theatre-Consultants-logo-horizontal-low-300.png\",\"width\":300,\"height\":59,\"caption\":\"GDConsulting\"},\"image\":{\"@id\":\"https:\/\/gdconsulting.es\/#\/schema\/logo\/image\/\"}}]}<\/script>\n<!-- \/ Yoast SEO plugin. -->","yoast_head_json":{"title":"Politique de qualit\u00e9 - GDConsulting","robots":{"index":"index","follow":"follow","max-snippet":"max-snippet:-1","max-image-preview":"max-image-preview:large","max-video-preview":"max-video-preview:-1"},"canonical":"https:\/\/gdconsulting.es\/politique-de-qualite\/","og_locale":"fr_FR","og_type":"article","og_title":"Politique de qualit\u00e9 - GDConsulting","og_description":"GD Consulting a comme Politique Qualit\u00e9 les engagements suivants : Couvrir les besoins et les attentes des clients de mani\u00e8re efficace et efficiente, en respectant les objectifs, les d\u00e9lais de livraison et les engagements convenus. Se conformer \u00e0 la l\u00e9gislation et \u00e0 la r\u00e9glementation applicables aux niveaux communautaire, national, r\u00e9gional et local, ainsi qu&rsquo;aux autres&hellip; Poursuivre la lecture Politique de qualit\u00e9","og_url":"https:\/\/gdconsulting.es\/politique-de-qualite\/","og_site_name":"GDConsulting","twitter_card":"summary_large_image","twitter_misc":{"Dur\u00e9e de lecture estim\u00e9e":"1 minute"},"schema":{"@context":"https:\/\/schema.org","@graph":[{"@type":"WebPage","@id":"https:\/\/gdconsulting.es\/politique-de-qualite\/","url":"https:\/\/gdconsulting.es\/politique-de-qualite\/","name":"Politique de qualit\u00e9 - GDConsulting","isPartOf":{"@id":"https:\/\/gdconsulting.es\/#website"},"datePublished":"2022-03-24T09:19:00+00:00","dateModified":"2022-03-24T09:19:00+00:00","breadcrumb":{"@id":"https:\/\/gdconsulting.es\/politique-de-qualite\/#breadcrumb"},"inLanguage":"fr-FR","potentialAction":[{"@type":"ReadAction","target":["https:\/\/gdconsulting.es\/politique-de-qualite\/"]}]},{"@type":"BreadcrumbList","@id":"https:\/\/gdconsulting.es\/politique-de-qualite\/#breadcrumb","itemListElement":[{"@type":"ListItem","position":1,"name":"Portada","item":"https:\/\/gdconsulting.es\/fr\/"},{"@type":"ListItem","position":2,"name":"Politique de qualit\u00e9"}]},{"@type":"WebSite","@id":"https:\/\/gdconsulting.es\/#website","url":"https:\/\/gdconsulting.es\/","name":"GDConsulting","description":"Arquitectura Esc\u00e9nica e Ingenier\u00eda :: Theatre Consultants","publisher":{"@id":"https:\/\/gdconsulting.es\/#organization"},"potentialAction":[{"@type":"SearchAction","target":{"@type":"EntryPoint","urlTemplate":"https:\/\/gdconsulting.es\/?s={search_term_string}"},"query-input":"required name=search_term_string"}],"inLanguage":"fr-FR"},{"@type":"Organization","@id":"https:\/\/gdconsulting.es\/#organization","name":"GDConsulting","url":"https:\/\/gdconsulting.es\/","logo":{"@type":"ImageObject","inLanguage":"fr-FR","@id":"https:\/\/gdconsulting.es\/#\/schema\/logo\/image\/","url":"https:\/\/gdconsulting.es\/wp-content\/uploads\/2023\/04\/GDConsulting-Theatre-Consultants-logo-horizontal-low-300.png","contentUrl":"https:\/\/gdconsulting.es\/wp-content\/uploads\/2023\/04\/GDConsulting-Theatre-Consultants-logo-horizontal-low-300.png","width":300,"height":59,"caption":"GDConsulting"},"image":{"@id":"https:\/\/gdconsulting.es\/#\/schema\/logo\/image\/"}}]}},"_links":{"self":[{"href":"https:\/\/gdconsulting.es\/fr\/wp-json\/wp\/v2\/pages\/8108"}],"collection":[{"href":"https:\/\/gdconsulting.es\/fr\/wp-json\/wp\/v2\/pages"}],"about":[{"href":"https:\/\/gdconsulting.es\/fr\/wp-json\/wp\/v2\/types\/page"}],"author":[{"embeddable":true,"href":"https:\/\/gdconsulting.es\/fr\/wp-json\/wp\/v2\/users\/2"}],"replies":[{"embeddable":true,"href":"https:\/\/gdconsulting.es\/fr\/wp-json\/wp\/v2\/comments?post=8108"}],"version-history":[{"count":0,"href":"https:\/\/gdconsulting.es\/fr\/wp-json\/wp\/v2\/pages\/8108\/revisions"}],"wp:attachment":[{"href":"https:\/\/gdconsulting.es\/fr\/wp-json\/wp\/v2\/media?parent=8108"}],"curies":[{"name":"wp","href":"https:\/\/api.w.org\/{rel}","templated":true}]}}