{"id":8109,"date":"2022-03-24T11:19:00","date_gmt":"2022-03-24T09:19:00","guid":{"rendered":"https:\/\/gdconsulting.es\/politica-de-qualidade\/"},"modified":"2022-03-24T11:19:00","modified_gmt":"2022-03-24T09:19:00","slug":"politica-de-qualidade","status":"publish","type":"page","link":"https:\/\/gdconsulting.es\/pt-pt\/politica-de-qualidade\/","title":{"rendered":"Pol\u00edtica de qualidade"},"content":{"rendered":"<p><strong>GD Consultoria<\/strong> tem como Pol\u00edtica da Qualidade os seguintes compromissos:<\/p>\n<ul>\n<li>Cubrir las necesidades y expectativas de los clientes con eficiencia y eficacia, mediante el cumplimiento de los objetivos, los plazos de entrega y los compromisos acordados.<\/li>\n<li>Cumprir a legisla\u00e7\u00e3o e regulamenta\u00e7\u00e3o aplic\u00e1veis \u200b\u200bao n\u00edvel comunit\u00e1rio, nacional, regional e local, bem como outros requisitos que a empresa subscreva junto dos seus clientes, de forma a garantir que as atividades s\u00e3o e ser\u00e3o realizadas de acordo com desses requisitos, garantindo assim um compromisso com todas as partes interessadas.<\/li>\n<li>A forma\u00e7\u00e3o e participa\u00e7\u00e3o de todos os colaboradores \u00e9 de grande import\u00e2ncia, tanto na concretiza\u00e7\u00e3o dos objetivos planeados como na melhoria do sistema. Cada membro de <strong>GD Consultoria<\/strong>, deve atuar em seu papel de gestora dos recursos por ela geridos e orient\u00e1-la para o fim proposto.<\/li>\n<li>A melhoria cont\u00ednua do pr\u00f3prio Sistema da Qualidade, com base na an\u00e1lise do desempenho dos processos, que conduz a um funcionamento eficaz dos <strong>GD Consultoria<\/strong>.<\/li>\n<li>O respeito pela pessoa e a seriedade, o rigor, o profissionalismo e a \u00e9tica s\u00e3o valores essenciais e inalien\u00e1veis \u200b\u200bpara <strong>GD Consultoria<\/strong> e constituem nossas diretrizes b\u00e1sicas de a\u00e7\u00e3o.<\/li>\n<\/ul>\n","protected":false},"excerpt":{"rendered":"<p>GD Consultoria tem como Pol\u00edtica da Qualidade os seguintes compromissos: Cubrir las necesidades y expectativas de los clientes con eficiencia y eficacia, mediante el cumplimiento de los objetivos, los plazos de entrega y los compromisos acordados. Cumprir a legisla\u00e7\u00e3o e regulamenta\u00e7\u00e3o aplic\u00e1veis \u200b\u200bao n\u00edvel comunit\u00e1rio, nacional, regional e local, bem como outros requisitos que a&hellip; <a class=\"more-link\" href=\"https:\/\/gdconsulting.es\/pt-pt\/politica-de-qualidade\/\">Continue a ler <span class=\"screen-reader-text\">Pol\u00edtica de qualidade<\/span><\/a><\/p>\n","protected":false},"author":2,"featured_media":0,"parent":0,"menu_order":0,"comment_status":"closed","ping_status":"closed","template":"","meta":[],"yoast_head":"<!-- This site is optimized with the Yoast SEO plugin v20.4 - https:\/\/yoast.com\/wordpress\/plugins\/seo\/ -->\n<title>Pol\u00edtica de qualidade - GDConsulting<\/title>\n<meta name=\"robots\" content=\"index, follow, max-snippet:-1, max-image-preview:large, max-video-preview:-1\" \/>\n<link rel=\"canonical\" href=\"https:\/\/gdconsulting.es\/politica-de-qualidade\/\" \/>\n<meta property=\"og:locale\" content=\"pt_PT\" \/>\n<meta property=\"og:type\" content=\"article\" \/>\n<meta property=\"og:title\" content=\"Pol\u00edtica de qualidade - GDConsulting\" \/>\n<meta property=\"og:description\" content=\"GD Consultoria tem como Pol\u00edtica da Qualidade os seguintes compromissos: Cubrir las necesidades y expectativas de los clientes con eficiencia y eficacia, mediante el cumplimiento de los objetivos, los plazos de entrega y los compromisos acordados. Cumprir a legisla\u00e7\u00e3o e regulamenta\u00e7\u00e3o aplic\u00e1veis \u200b\u200bao n\u00edvel comunit\u00e1rio, nacional, regional e local, bem como outros requisitos que a&hellip; Continue a ler Pol\u00edtica de qualidade\" \/>\n<meta property=\"og:url\" content=\"https:\/\/gdconsulting.es\/politica-de-qualidade\/\" \/>\n<meta property=\"og:site_name\" content=\"GDConsulting\" \/>\n<meta name=\"twitter:card\" content=\"summary_large_image\" \/>\n<meta name=\"twitter:label1\" content=\"Tempo estimado de leitura\" \/>\n\t<meta name=\"twitter:data1\" content=\"1 minuto\" \/>\n<script type=\"application\/ld+json\" class=\"yoast-schema-graph\">{\"@context\":\"https:\/\/schema.org\",\"@graph\":[{\"@type\":\"WebPage\",\"@id\":\"https:\/\/gdconsulting.es\/politica-de-qualidade\/\",\"url\":\"https:\/\/gdconsulting.es\/politica-de-qualidade\/\",\"name\":\"Pol\u00edtica de qualidade - GDConsulting\",\"isPartOf\":{\"@id\":\"https:\/\/gdconsulting.es\/#website\"},\"datePublished\":\"2022-03-24T09:19:00+00:00\",\"dateModified\":\"2022-03-24T09:19:00+00:00\",\"breadcrumb\":{\"@id\":\"https:\/\/gdconsulting.es\/politica-de-qualidade\/#breadcrumb\"},\"inLanguage\":\"pt-PT\",\"potentialAction\":[{\"@type\":\"ReadAction\",\"target\":[\"https:\/\/gdconsulting.es\/politica-de-qualidade\/\"]}]},{\"@type\":\"BreadcrumbList\",\"@id\":\"https:\/\/gdconsulting.es\/politica-de-qualidade\/#breadcrumb\",\"itemListElement\":[{\"@type\":\"ListItem\",\"position\":1,\"name\":\"Portada\",\"item\":\"https:\/\/gdconsulting.es\/fr\/\"},{\"@type\":\"ListItem\",\"position\":2,\"name\":\"Pol\u00edtica de qualidade\"}]},{\"@type\":\"WebSite\",\"@id\":\"https:\/\/gdconsulting.es\/#website\",\"url\":\"https:\/\/gdconsulting.es\/\",\"name\":\"GDConsulting\",\"description\":\"Arquitectura Esc\u00e9nica e Ingenier\u00eda :: Theatre Consultants\",\"publisher\":{\"@id\":\"https:\/\/gdconsulting.es\/#organization\"},\"potentialAction\":[{\"@type\":\"SearchAction\",\"target\":{\"@type\":\"EntryPoint\",\"urlTemplate\":\"https:\/\/gdconsulting.es\/?s={search_term_string}\"},\"query-input\":\"required name=search_term_string\"}],\"inLanguage\":\"pt-PT\"},{\"@type\":\"Organization\",\"@id\":\"https:\/\/gdconsulting.es\/#organization\",\"name\":\"GDConsulting\",\"url\":\"https:\/\/gdconsulting.es\/\",\"logo\":{\"@type\":\"ImageObject\",\"inLanguage\":\"pt-PT\",\"@id\":\"https:\/\/gdconsulting.es\/#\/schema\/logo\/image\/\",\"url\":\"https:\/\/gdconsulting.es\/wp-content\/uploads\/2023\/04\/GDConsulting-Theatre-Consultants-logo-horizontal-low-300.png\",\"contentUrl\":\"https:\/\/gdconsulting.es\/wp-content\/uploads\/2023\/04\/GDConsulting-Theatre-Consultants-logo-horizontal-low-300.png\",\"width\":300,\"height\":59,\"caption\":\"GDConsulting\"},\"image\":{\"@id\":\"https:\/\/gdconsulting.es\/#\/schema\/logo\/image\/\"}}]}<\/script>\n<!-- \/ Yoast SEO plugin. -->","yoast_head_json":{"title":"Pol\u00edtica de qualidade - GDConsulting","robots":{"index":"index","follow":"follow","max-snippet":"max-snippet:-1","max-image-preview":"max-image-preview:large","max-video-preview":"max-video-preview:-1"},"canonical":"https:\/\/gdconsulting.es\/politica-de-qualidade\/","og_locale":"pt_PT","og_type":"article","og_title":"Pol\u00edtica de qualidade - GDConsulting","og_description":"GD Consultoria tem como Pol\u00edtica da Qualidade os seguintes compromissos: Cubrir las necesidades y expectativas de los clientes con eficiencia y eficacia, mediante el cumplimiento de los objetivos, los plazos de entrega y los compromisos acordados. Cumprir a legisla\u00e7\u00e3o e regulamenta\u00e7\u00e3o aplic\u00e1veis \u200b\u200bao n\u00edvel comunit\u00e1rio, nacional, regional e local, bem como outros requisitos que a&hellip; Continue a ler Pol\u00edtica de qualidade","og_url":"https:\/\/gdconsulting.es\/politica-de-qualidade\/","og_site_name":"GDConsulting","twitter_card":"summary_large_image","twitter_misc":{"Tempo estimado de leitura":"1 minuto"},"schema":{"@context":"https:\/\/schema.org","@graph":[{"@type":"WebPage","@id":"https:\/\/gdconsulting.es\/politica-de-qualidade\/","url":"https:\/\/gdconsulting.es\/politica-de-qualidade\/","name":"Pol\u00edtica de qualidade - GDConsulting","isPartOf":{"@id":"https:\/\/gdconsulting.es\/#website"},"datePublished":"2022-03-24T09:19:00+00:00","dateModified":"2022-03-24T09:19:00+00:00","breadcrumb":{"@id":"https:\/\/gdconsulting.es\/politica-de-qualidade\/#breadcrumb"},"inLanguage":"pt-PT","potentialAction":[{"@type":"ReadAction","target":["https:\/\/gdconsulting.es\/politica-de-qualidade\/"]}]},{"@type":"BreadcrumbList","@id":"https:\/\/gdconsulting.es\/politica-de-qualidade\/#breadcrumb","itemListElement":[{"@type":"ListItem","position":1,"name":"Portada","item":"https:\/\/gdconsulting.es\/fr\/"},{"@type":"ListItem","position":2,"name":"Pol\u00edtica de qualidade"}]},{"@type":"WebSite","@id":"https:\/\/gdconsulting.es\/#website","url":"https:\/\/gdconsulting.es\/","name":"GDConsulting","description":"Arquitectura Esc\u00e9nica e Ingenier\u00eda :: Theatre Consultants","publisher":{"@id":"https:\/\/gdconsulting.es\/#organization"},"potentialAction":[{"@type":"SearchAction","target":{"@type":"EntryPoint","urlTemplate":"https:\/\/gdconsulting.es\/?s={search_term_string}"},"query-input":"required name=search_term_string"}],"inLanguage":"pt-PT"},{"@type":"Organization","@id":"https:\/\/gdconsulting.es\/#organization","name":"GDConsulting","url":"https:\/\/gdconsulting.es\/","logo":{"@type":"ImageObject","inLanguage":"pt-PT","@id":"https:\/\/gdconsulting.es\/#\/schema\/logo\/image\/","url":"https:\/\/gdconsulting.es\/wp-content\/uploads\/2023\/04\/GDConsulting-Theatre-Consultants-logo-horizontal-low-300.png","contentUrl":"https:\/\/gdconsulting.es\/wp-content\/uploads\/2023\/04\/GDConsulting-Theatre-Consultants-logo-horizontal-low-300.png","width":300,"height":59,"caption":"GDConsulting"},"image":{"@id":"https:\/\/gdconsulting.es\/#\/schema\/logo\/image\/"}}]}},"_links":{"self":[{"href":"https:\/\/gdconsulting.es\/pt-pt\/wp-json\/wp\/v2\/pages\/8109"}],"collection":[{"href":"https:\/\/gdconsulting.es\/pt-pt\/wp-json\/wp\/v2\/pages"}],"about":[{"href":"https:\/\/gdconsulting.es\/pt-pt\/wp-json\/wp\/v2\/types\/page"}],"author":[{"embeddable":true,"href":"https:\/\/gdconsulting.es\/pt-pt\/wp-json\/wp\/v2\/users\/2"}],"replies":[{"embeddable":true,"href":"https:\/\/gdconsulting.es\/pt-pt\/wp-json\/wp\/v2\/comments?post=8109"}],"version-history":[{"count":0,"href":"https:\/\/gdconsulting.es\/pt-pt\/wp-json\/wp\/v2\/pages\/8109\/revisions"}],"wp:attachment":[{"href":"https:\/\/gdconsulting.es\/pt-pt\/wp-json\/wp\/v2\/media?parent=8109"}],"curies":[{"name":"wp","href":"https:\/\/api.w.org\/{rel}","templated":true}]}}